{"id":8088,"date":"2018-12-10T04:55:29","date_gmt":"2018-12-10T04:55:29","guid":{"rendered":"http:\/\/travelhotel.wpengine.com\/?page_id=8088"},"modified":"2026-04-06T04:00:13","modified_gmt":"2026-04-06T04:00:13","slug":"contact","status":"publish","type":"page","link":"https:\/\/mtbexcursions.com\/fr\/contact\/","title":{"rendered":"Contactez-nous"},"content":{"rendered":"<div data-elementor-type=\"wp-page\" data-elementor-id=\"8088\" class=\"elementor elementor-8088\">\n\t\t\t\t\t\t<section class=\"elementor-section elementor-top-section elementor-element elementor-element-4b56ec43 elementor-section-boxed elementor-section-height-default elementor-section-height-default wpr-particle-no wpr-jarallax-no wpr-parallax-no wpr-sticky-section-no\" data-id=\"4b56ec43\" data-element_type=\"section\" data-e-type=\"section\">\n\t\t\t\t\t\t<div class=\"elementor-container elementor-column-gap-default\">\n\t\t\t\t\t<div class=\"elementor-column elementor-col-50 elementor-top-column elementor-element elementor-element-539ad5f2\" data-id=\"539ad5f2\" data-element_type=\"column\" data-e-type=\"column\">\n\t\t\t<div class=\"elementor-widget-wrap elementor-element-populated\">\n\t\t\t\t\t\t<div class=\"elementor-element elementor-element-6cd6029d elementor-widget elementor-widget-heading\" data-id=\"6cd6029d\" data-element_type=\"widget\" data-e-type=\"widget\" data-widget_type=\"heading.default\">\n\t\t\t\t<div class=\"elementor-widget-container\">\n\t\t\t\t\t<h2 class=\"elementor-heading-title elementor-size-default\">Nous serions ravis d\u2019avoir de vos nouvelles.<\/h2>\t\t\t\t<\/div>\n\t\t\t\t<\/div>\n\t\t\t\t<div class=\"elementor-element elementor-element-2ebed4be elementor-widget elementor-widget-heading\" data-id=\"2ebed4be\" data-element_type=\"widget\" data-e-type=\"widget\" data-widget_type=\"heading.default\">\n\t\t\t\t<div class=\"elementor-widget-container\">\n\t\t\t\t\t<h2 class=\"elementor-heading-title elementor-size-default\">Envoyez-nous un message et nous vous r\u00e9pondrons dans les plus brefs d\u00e9lais.<\/h2>\t\t\t\t<\/div>\n\t\t\t\t<\/div>\n\t\t\t\t<div class=\"elementor-element elementor-element-1789699c elementor-widget-divider--view-line elementor-widget elementor-widget-divider\" data-id=\"1789699c\" data-element_type=\"widget\" data-e-type=\"widget\" data-widget_type=\"divider.default\">\n\t\t\t\t<div class=\"elementor-widget-container\">\n\t\t\t\t\t\t\t<div class=\"elementor-divider\">\n\t\t\t<span class=\"elementor-divider-separator\">\n\t\t\t\t\t\t<\/span>\n\t\t<\/div>\n\t\t\t\t\t\t<\/div>\n\t\t\t\t<\/div>\n\t\t\t\t<div class=\"elementor-element elementor-element-47e2348b elementor-widget elementor-widget-shortcode\" data-id=\"47e2348b\" data-element_type=\"widget\" data-e-type=\"widget\" data-widget_type=\"shortcode.default\">\n\t\t\t\t<div class=\"elementor-widget-container\">\n\t\t\t\t\t\t\t<div class=\"elementor-shortcode\">\n<div class=\"wpcf7 no-js\" id=\"wpcf7-f10937-o1\" lang=\"en-US\" dir=\"ltr\" data-wpcf7-id=\"10937\">\n<div class=\"screen-reader-response\"><p role=\"status\" aria-live=\"polite\" aria-atomic=\"true\"><\/p> <ul><\/ul><\/div>\n<form action=\"\/fr\/wp-json\/wp\/v2\/pages\/8088#wpcf7-f10937-o1\" method=\"post\" class=\"wpcf7-form init\" aria-label=\"Contact form\" novalidate=\"novalidate\" data-status=\"init\" data-trp-original-action=\"\/fr\/wp-json\/wp\/v2\/pages\/8088#wpcf7-f10937-o1\">\n<fieldset class=\"hidden-fields-container\"><input type=\"hidden\" name=\"_wpcf7\" value=\"10937\" \/><input type=\"hidden\" name=\"_wpcf7_version\" value=\"6.1.5\" \/><input type=\"hidden\" name=\"_wpcf7_locale\" value=\"en_US\" \/><input type=\"hidden\" name=\"_wpcf7_unit_tag\" value=\"wpcf7-f10937-o1\" \/><input type=\"hidden\" name=\"_wpcf7_container_post\" value=\"0\" \/><input type=\"hidden\" name=\"_wpcf7_posted_data_hash\" value=\"\" \/>\n<\/fieldset>\n<div class=\"quotation-form-wrapper\">\n\t<h2>Contactez-nous\n\t<\/h2>\n\t<div class=\"form-row\">\n\t\t<p><label>Nom<\/label><br \/>\n<span class=\"wpcf7-form-control-wrap\" data-name=\"your-name\"><input size=\"40\" maxlength=\"400\" class=\"wpcf7-form-control wpcf7-text wpcf7-validates-as-required form-control\" autocomplete=\"name\" aria-required=\"true\" aria-invalid=\"false\" value=\"\" type=\"text\" name=\"your-name\" \/><\/span>\n\t\t<\/p>\n\t<\/div>\n\t<div class=\"form-row\">\n\t\t<p><label>E-mail<\/label><br \/>\n<span class=\"wpcf7-form-control-wrap\" data-name=\"your-email\"><input size=\"40\" maxlength=\"400\" class=\"wpcf7-form-control wpcf7-email wpcf7-validates-as-required wpcf7-text wpcf7-validates-as-email form-control\" autocomplete=\"email\" aria-required=\"true\" aria-invalid=\"false\" value=\"\" type=\"email\" name=\"your-email\" \/><\/span>\n\t\t<\/p>\n\t<\/div>\n\t<div class=\"form-row\">\n\t\t<p><label>Num\u00e9ro de T\u00e9l\u00e9phone<\/label><br \/>\n<span class=\"wpcf7-form-control-wrap\" data-name=\"your-phone\"><input size=\"40\" maxlength=\"400\" class=\"wpcf7-form-control wpcf7-tel wpcf7-validates-as-required wpcf7-text wpcf7-validates-as-tel form-control\" autocomplete=\"tel\" aria-required=\"true\" aria-invalid=\"false\" value=\"\" type=\"tel\" name=\"your-phone\" \/><\/span>\n\t\t<\/p>\n\t<\/div>\n\t<div class=\"form-row\">\n\t\t<p><label>Adresse<\/label><br \/>\n<span class=\"wpcf7-form-control-wrap\" data-name=\"your-address\"><input size=\"40\" maxlength=\"400\" class=\"wpcf7-form-control wpcf7-text form-control\" autocomplete=\"street-address\" aria-invalid=\"false\" value=\"\" type=\"text\" name=\"your-address\" \/><\/span>\n\t\t<\/p>\n\t<\/div>\n\t<div class=\"form-row\">\n\t\t<p><label>Sujet<\/label><br \/>\n<span class=\"wpcf7-form-control-wrap\" data-name=\"your-subject\"><input size=\"40\" maxlength=\"400\" class=\"wpcf7-form-control wpcf7-text wpcf7-validates-as-required form-control\" aria-required=\"true\" aria-invalid=\"false\" value=\"\" type=\"text\" name=\"your-subject\" \/><\/span>\n\t\t<\/p>\n\t<\/div>\n\t<div class=\"form-row\">\n\t\t<p><label>Message<\/label><br \/>\n<span class=\"wpcf7-form-control-wrap\" data-name=\"your-message\"><textarea cols=\"40\" rows=\"10\" maxlength=\"2000\" class=\"wpcf7-form-control wpcf7-textarea wpcf7-validates-as-required form-control\" aria-required=\"true\" aria-invalid=\"false\" placeholder=\"\u00c9crivez votre message ici...\" name=\"your-message\"><\/textarea><\/span>\n\t\t<\/p>\n\t<\/div>\n\t<div class=\"form-row submit-row\">\n\t\t<p><input class=\"wpcf7-form-control wpcf7-submit has-spinner quote-btn\" type=\"submit\" value=\"Send Message\" \/>\n\t\t<\/p>\n\t<\/div>\n<\/div>\n<style>\n.quotation-form-wrapper {\n background-position: right 18px center;\n padding-right: 45px;\n}\n\n.quotation-form-wrapper .form-row {\n margin-bottom: 18px;\n}\n\n.quotation-form-wrapper label {\n display: block;\n margin-bottom: 8px;\n font-size: 14px;\n font-weight: 600;\n color: #333;\n}\n\n.quotation-form-wrapper .form-control {\n width: 100%;\n padding: 12px 15px;\n border: 1px solid #ddd;\n border-radius: 4px;\n font-size: 14px;\n box-sizing: border-box;\n}\n\n.quotation-form-wrapper textarea.form-control {\n min-height: 120px;\n resize: vertical;\n}\n\n.quotation-form-wrapper textarea::placeholder {\n color: #8b93a7;\n}\n\n.quotation-form-wrapper .quote-btn {\n width: 100%;\n height: 54px;\n border: none;\n background: var(--main-color, #3B71FE);\n color: #fff;\n font-size: 20px;\n font-weight: 400;\n cursor: pointer;\n transition: background 0.3s ease;\n}\n\n.quotation-form-wrapper .quote-btn:hover {\n background: #2f5fe0;\n}\n\n.quotation-form-wrapper .wpcf7-spinner {\n display: none;\n}\n.quotation-form-wrapper .form-row p br {\n display: none;\n}\n<\/style><div class=\"wpcf7-response-output\" aria-hidden=\"true\"><\/div>\n<input type=\"hidden\" name=\"trp-form-language\" value=\"fr\"\/><\/form>\n<\/div>\n<\/div>\n\t\t\t\t\t\t<\/div>\n\t\t\t\t<\/div>\n\t\t\t\t\t<\/div>\n\t\t<\/div>\n\t\t\t\t<div class=\"elementor-column elementor-col-50 elementor-top-column elementor-element elementor-element-1f1a09c\" data-id=\"1f1a09c\" data-element_type=\"column\" data-e-type=\"column\" data-settings=\"{&quot;background_background&quot;:&quot;classic&quot;}\">\n\t\t\t<div class=\"elementor-widget-wrap elementor-element-populated\">\n\t\t\t\t\t\t<div class=\"elementor-element elementor-element-811005f elementor-widget elementor-widget-image\" data-id=\"811005f\" data-element_type=\"widget\" data-e-type=\"widget\" data-widget_type=\"image.default\">\n\t\t\t\t<div class=\"elementor-widget-container\">\n\t\t\t\t\t\t\t\t\t\t\t\t\t\t\t<img decoding=\"async\" width=\"240\" height=\"140\" src=\"https:\/\/mtbexcursions.com\/wp-content\/uploads\/2025\/09\/logo-MTB-2.png\" class=\"attachment-full size-full wp-image-10443\" alt=\"\" srcset=\"https:\/\/mtbexcursions.com\/wp-content\/uploads\/2025\/09\/logo-MTB-2.png 240w, https:\/\/mtbexcursions.com\/wp-content\/uploads\/2025\/09\/logo-MTB-2-768x448.png 768w, https:\/\/mtbexcursions.com\/wp-content\/uploads\/2025\/09\/logo-MTB-2-18x12.png 18w, https:\/\/mtbexcursions.com\/wp-content\/uploads\/2025\/09\/logo-MTB-2-600x350.png 600w\" sizes=\"(max-width: 240px) 100vw, 240px\" \/>\t\t\t\t\t\t\t\t\t\t\t\t\t\t\t<\/div>\n\t\t\t\t<\/div>\n\t\t\t\t<div class=\"elementor-element elementor-element-c086b92 elementor-widget elementor-widget-text-editor\" data-id=\"c086b92\" data-element_type=\"widget\" data-e-type=\"widget\" data-widget_type=\"text-editor.default\">\n\t\t\t\t<div class=\"elementor-widget-container\">\n\t\t\t\t\t\t\t\t\t<p class=\"address\"><strong>Tell:<\/strong> +230 5894 9359<\/p><p class=\"address\"><strong>Email:<\/strong>\u00a0mtbtravelntoursltd@outlook.com<\/p><p class=\"address\"><strong>Adresse<\/strong> Vivekanand Street 31006 Rivi\u00e8re du Rempart, Mauritius<\/p>\t\t\t\t\t\t\t\t<\/div>\n\t\t\t\t<\/div>\n\t\t\t\t\t<\/div>\n\t\t<\/div>\n\t\t\t\t\t<\/div>\n\t\t<\/section>\n\t\t\t\t<section class=\"elementor-section elementor-top-section elementor-element elementor-element-289f3487 elementor-section-full_width elementor-section-height-default elementor-section-height-default wpr-particle-no wpr-jarallax-no wpr-parallax-no wpr-sticky-section-no\" data-id=\"289f3487\" data-element_type=\"section\" data-e-type=\"section\">\n\t\t\t\t\t\t<div class=\"elementor-container elementor-column-gap-no\">\n\t\t\t\t\t<div class=\"elementor-column elementor-col-100 elementor-top-column elementor-element elementor-element-4d0d169d\" data-id=\"4d0d169d\" data-element_type=\"column\" data-e-type=\"column\">\n\t\t\t<div class=\"elementor-widget-wrap elementor-element-populated\">\n\t\t\t\t\t\t<div class=\"elementor-element elementor-element-639c9973 elementor-widget elementor-widget-google_maps\" data-id=\"639c9973\" data-element_type=\"widget\" data-e-type=\"widget\" data-widget_type=\"google_maps.default\">\n\t\t\t\t<div class=\"elementor-widget-container\">\n\t\t\t\t\t\t\t<div class=\"elementor-custom-embed\">\n\t\t\t<iframe loading=\"lazy\"\n\t\t\t\t\tsrc=\"https:\/\/maps.google.com\/maps?q=WMC3%2B29%20Poudre%20d%27Or%20Hamlet&#038;t=m&#038;z=15&#038;output=embed&#038;iwloc=near\"\n\t\t\t\t\ttitle=\"WMC3+29 Poudre d&#039;Or Hamlet\"\n\t\t\t\t\taria-label=\"WMC3+29 Poudre d&#039;Or Hamlet\"\n\t\t\t><\/iframe>\n\t\t<\/div>\n\t\t\t\t\t\t<\/div>\n\t\t\t\t<\/div>\n\t\t\t\t\t<\/div>\n\t\t<\/div>\n\t\t\t\t\t<\/div>\n\t\t<\/section>\n\t\t\t\t<\/div>","protected":false},"excerpt":{"rendered":"<p>We&#8217;d love to hear from you Send us a message and we&#8217;ll respond as soon as possible Tell: +230 5894 9359 Email:\u00a0mtbtravelntoursltd@outlook.com Location: Vivekanand Street 31006 Rivi\u00e8re du Rempart, Mauritius<\/p>","protected":false},"author":1,"featured_media":10428,"parent":0,"menu_order":0,"comment_status":"closed","ping_status":"closed","template":"template-fullwidth.php","meta":{"footnotes":""},"class_list":["post-8088","page","type-page","status-publish","has-post-thumbnail","hentry"],"yoast_head":"<!-- This site is optimized with the Yoast SEO plugin v27.3 - https:\/\/yoast.com\/product\/yoast-seo-wordpress\/ -->\n<title>Contact - MTB Travel &amp; Tours Ltd<\/title>\n<meta name=\"robots\" content=\"index, follow, max-snippet:-1, max-image-preview:large, max-video-preview:-1\" \/>\n<link rel=\"canonical\" href=\"https:\/\/mtbexcursions.com\/fr\/contact\/\" \/>\n<meta property=\"og:locale\" content=\"fr_FR\" \/>\n<meta property=\"og:type\" content=\"article\" \/>\n<meta property=\"og:title\" content=\"Contact - MTB Travel &amp; Tours Ltd\" \/>\n<meta property=\"og:description\" content=\"We&#8217;d love to hear from you Send us a message and we&#8217;ll respond as soon as possible Tell: +230 5894 9359 Email:\u00a0mtbtravelntoursltd@outlook.com Location: Vivekanand Street 31006 Rivi\u00e8re du Rempart, Mauritius\" \/>\n<meta property=\"og:url\" content=\"https:\/\/mtbexcursions.com\/fr\/contact\/\" \/>\n<meta property=\"og:site_name\" content=\"MTB Travel &amp; Tours Ltd\" \/>\n<meta property=\"article:modified_time\" content=\"2026-04-06T04:00:13+00:00\" \/>\n<meta property=\"og:image\" content=\"https:\/\/mtbexcursions.com\/wp-content\/uploads\/2025\/09\/tour_page-1.png\" \/>\n\t<meta property=\"og:image:width\" content=\"1200\" \/>\n\t<meta property=\"og:image:height\" content=\"400\" \/>\n\t<meta property=\"og:image:type\" content=\"image\/png\" \/>\n<meta name=\"twitter:card\" content=\"summary_large_image\" \/>\n<meta name=\"twitter:label1\" content=\"Dur\u00e9e de lecture estim\u00e9e\" \/>\n\t<meta name=\"twitter:data1\" content=\"1 minute\" \/>\n<script type=\"application\/ld+json\" class=\"yoast-schema-graph\">{\"@context\":\"https:\\\/\\\/schema.org\",\"@graph\":[{\"@type\":\"WebPage\",\"@id\":\"https:\\\/\\\/mtbexcursions.com\\\/contact\\\/\",\"url\":\"https:\\\/\\\/mtbexcursions.com\\\/contact\\\/\",\"name\":\"Contact - MTB Travel &amp; Tours Ltd\",\"isPartOf\":{\"@id\":\"https:\\\/\\\/mtbexcursions.com\\\/#website\"},\"primaryImageOfPage\":{\"@id\":\"https:\\\/\\\/mtbexcursions.com\\\/contact\\\/#primaryimage\"},\"image\":{\"@id\":\"https:\\\/\\\/mtbexcursions.com\\\/contact\\\/#primaryimage\"},\"thumbnailUrl\":\"https:\\\/\\\/mtbexcursions.com\\\/wp-content\\\/uploads\\\/2025\\\/09\\\/tour_page-1.png\",\"datePublished\":\"2018-12-10T04:55:29+00:00\",\"dateModified\":\"2026-04-06T04:00:13+00:00\",\"breadcrumb\":{\"@id\":\"https:\\\/\\\/mtbexcursions.com\\\/contact\\\/#breadcrumb\"},\"inLanguage\":\"fr-FR\",\"potentialAction\":[{\"@type\":\"ReadAction\",\"target\":[\"https:\\\/\\\/mtbexcursions.com\\\/contact\\\/\"]}]},{\"@type\":\"ImageObject\",\"inLanguage\":\"fr-FR\",\"@id\":\"https:\\\/\\\/mtbexcursions.com\\\/contact\\\/#primaryimage\",\"url\":\"https:\\\/\\\/mtbexcursions.com\\\/wp-content\\\/uploads\\\/2025\\\/09\\\/tour_page-1.png\",\"contentUrl\":\"https:\\\/\\\/mtbexcursions.com\\\/wp-content\\\/uploads\\\/2025\\\/09\\\/tour_page-1.png\",\"width\":1200,\"height\":400},{\"@type\":\"BreadcrumbList\",\"@id\":\"https:\\\/\\\/mtbexcursions.com\\\/contact\\\/#breadcrumb\",\"itemListElement\":[{\"@type\":\"ListItem\",\"position\":1,\"name\":\"Home\",\"item\":\"https:\\\/\\\/mtbexcursions.com\\\/\"},{\"@type\":\"ListItem\",\"position\":2,\"name\":\"Contact\"}]},{\"@type\":\"WebSite\",\"@id\":\"https:\\\/\\\/mtbexcursions.com\\\/#website\",\"url\":\"https:\\\/\\\/mtbexcursions.com\\\/\",\"name\":\"MTB Travel &amp; Tours Ltd\",\"description\":\"Adventure Is Worthwhile!\",\"potentialAction\":[{\"@type\":\"SearchAction\",\"target\":{\"@type\":\"EntryPoint\",\"urlTemplate\":\"https:\\\/\\\/mtbexcursions.com\\\/?s={search_term_string}\"},\"query-input\":{\"@type\":\"PropertyValueSpecification\",\"valueRequired\":true,\"valueName\":\"search_term_string\"}}],\"inLanguage\":\"fr-FR\"}]}<\/script>\n<!-- \/ Yoast SEO plugin. -->","yoast_head_json":{"title":"Contact - MTB Travel &amp; Tours Ltd","robots":{"index":"index","follow":"follow","max-snippet":"max-snippet:-1","max-image-preview":"max-image-preview:large","max-video-preview":"max-video-preview:-1"},"canonical":"https:\/\/mtbexcursions.com\/fr\/contact\/","og_locale":"fr_FR","og_type":"article","og_title":"Contact - MTB Travel &amp; Tours Ltd","og_description":"We&#8217;d love to hear from you Send us a message and we&#8217;ll respond as soon as possible Tell: +230 5894 9359 Email:\u00a0mtbtravelntoursltd@outlook.com Location: Vivekanand Street 31006 Rivi\u00e8re du Rempart, Mauritius","og_url":"https:\/\/mtbexcursions.com\/fr\/contact\/","og_site_name":"MTB Travel &amp; Tours Ltd","article_modified_time":"2026-04-06T04:00:13+00:00","og_image":[{"width":1200,"height":400,"url":"https:\/\/mtbexcursions.com\/wp-content\/uploads\/2025\/09\/tour_page-1.png","type":"image\/png"}],"twitter_card":"summary_large_image","twitter_misc":{"Dur\u00e9e de lecture estim\u00e9e":"1 minute"},"schema":{"@context":"https:\/\/schema.org","@graph":[{"@type":"WebPage","@id":"https:\/\/mtbexcursions.com\/contact\/","url":"https:\/\/mtbexcursions.com\/contact\/","name":"Contact - MTB Travel &amp; Tours Ltd","isPartOf":{"@id":"https:\/\/mtbexcursions.com\/#website"},"primaryImageOfPage":{"@id":"https:\/\/mtbexcursions.com\/contact\/#primaryimage"},"image":{"@id":"https:\/\/mtbexcursions.com\/contact\/#primaryimage"},"thumbnailUrl":"https:\/\/mtbexcursions.com\/wp-content\/uploads\/2025\/09\/tour_page-1.png","datePublished":"2018-12-10T04:55:29+00:00","dateModified":"2026-04-06T04:00:13+00:00","breadcrumb":{"@id":"https:\/\/mtbexcursions.com\/contact\/#breadcrumb"},"inLanguage":"fr-FR","potentialAction":[{"@type":"ReadAction","target":["https:\/\/mtbexcursions.com\/contact\/"]}]},{"@type":"ImageObject","inLanguage":"fr-FR","@id":"https:\/\/mtbexcursions.com\/contact\/#primaryimage","url":"https:\/\/mtbexcursions.com\/wp-content\/uploads\/2025\/09\/tour_page-1.png","contentUrl":"https:\/\/mtbexcursions.com\/wp-content\/uploads\/2025\/09\/tour_page-1.png","width":1200,"height":400},{"@type":"BreadcrumbList","@id":"https:\/\/mtbexcursions.com\/contact\/#breadcrumb","itemListElement":[{"@type":"ListItem","position":1,"name":"Home","item":"https:\/\/mtbexcursions.com\/"},{"@type":"ListItem","position":2,"name":"Contact"}]},{"@type":"WebSite","@id":"https:\/\/mtbexcursions.com\/#website","url":"https:\/\/mtbexcursions.com\/","name":"MTB Travel &amp; Tours Ltd","description":"Adventure Is Worthwhile!","potentialAction":[{"@type":"SearchAction","target":{"@type":"EntryPoint","urlTemplate":"https:\/\/mtbexcursions.com\/?s={search_term_string}"},"query-input":{"@type":"PropertyValueSpecification","valueRequired":true,"valueName":"search_term_string"}}],"inLanguage":"fr-FR"}]}},"_links":{"self":[{"href":"https:\/\/mtbexcursions.com\/fr\/wp-json\/wp\/v2\/pages\/8088","targetHints":{"allow":["GET"]}}],"collection":[{"href":"https:\/\/mtbexcursions.com\/fr\/wp-json\/wp\/v2\/pages"}],"about":[{"href":"https:\/\/mtbexcursions.com\/fr\/wp-json\/wp\/v2\/types\/page"}],"author":[{"embeddable":true,"href":"https:\/\/mtbexcursions.com\/fr\/wp-json\/wp\/v2\/users\/1"}],"replies":[{"embeddable":true,"href":"https:\/\/mtbexcursions.com\/fr\/wp-json\/wp\/v2\/comments?post=8088"}],"version-history":[{"count":0,"href":"https:\/\/mtbexcursions.com\/fr\/wp-json\/wp\/v2\/pages\/8088\/revisions"}],"wp:featuredmedia":[{"embeddable":true,"href":"https:\/\/mtbexcursions.com\/fr\/wp-json\/wp\/v2\/media\/10428"}],"wp:attachment":[{"href":"https:\/\/mtbexcursions.com\/fr\/wp-json\/wp\/v2\/media?parent=8088"}],"curies":[{"name":"wp","href":"https:\/\/api.w.org\/{rel}","templated":true}]}}